{"id":980,"date":"2020-03-23T14:18:34","date_gmt":"2020-03-23T17:18:34","guid":{"rendered":"https:\/\/camarabrazilecowas.com\/?page_id=980"},"modified":"2020-03-30T15:38:32","modified_gmt":"2020-03-30T18:38:32","slug":"marketing-de-empresas","status":"publish","type":"page","link":"https:\/\/camarabrazilecowas.com\/en\/marketing-de-empresas\/","title":{"rendered":"Business Marketing"},"content":{"rendered":"<p><strong>YOUR BRAND IN THE WHOLE WORLD BY THE BRAZIL CHAMBER WEBSITE &#8211; ECOWAS<\/strong><\/p>\n<p><strong>The potential market of our partners is borderless.<\/strong><\/p>\n<p>Present in 125 countries, the Brazil &#8211; Ecowas Chamber of Commerce, Development and Integration provides the greatest visibility that your brand can have.<\/p>\n<p>Advertising on our website will make your business known in the 125 countries where we are accessed, opening a horizon of infinite business possibilities on all continents.<\/p>\n<p>Find out how to have our partners, representatives and committees as promoters of your company to all those interested in doing business with Brazil and the Ecowas bloc (West Africa)<\/p>\n<p><strong><a href=\"https:\/\/camarabrazilecowas.com\/camara-brazil-ecowas-atinge-mais-de-125-paises-desde-o-seu-lancamento\/\">Check out our accesses<\/a><\/strong><\/p>","protected":false},"excerpt":{"rendered":"<p>YOUR BRAND IN THE WHOLE WORLD BY THE BRAZIL CHAMBER WEBSITE &#8211; ECOWAS The potential market of our partners is borderless. Present in 125 countries, the Brazil &#8211; Ecowas Chamber of Commerce, Development and Integration provides the greatest visibility that your brand can have. Advertising on our website will make your business known in the [&hellip;]<\/p>\n","protected":false},"author":3,"featured_media":0,"parent":0,"menu_order":0,"comment_status":"closed","ping_status":"closed","template":"","meta":{"_acf_changed":false,"footnotes":""},"tags":[],"class_list":["post-980","page","type-page","status-publish","hentry"],"acf":[],"yoast_head":"<!-- This site is optimized with the Yoast SEO plugin v27.2 - https:\/\/yoast.com\/product\/yoast-seo-wordpress\/ -->\n<title>Business Marketing - C\u00e2mara de Com\u00e9rcio, Desenvolvimento &amp; Integra\u00e7\u00e3o Brazil - Ecowas<\/title>\n<meta name=\"robots\" content=\"index, follow, max-snippet:-1, max-image-preview:large, max-video-preview:-1\" \/>\n<link rel=\"canonical\" href=\"https:\/\/camarabrazilecowas.com\/en\/marketing-de-empresas\/\" \/>\n<meta property=\"og:locale\" content=\"pt_BR\" \/>\n<meta property=\"og:type\" content=\"article\" \/>\n<meta property=\"og:title\" content=\"[:pb]Marketing de Empresas[:en]Business Marketing[:] - C\u00e2mara de Com\u00e9rcio, Desenvolvimento &amp; Integra\u00e7\u00e3o Brazil - Ecowas\" \/>\n<meta property=\"og:description\" content=\"YOUR BRAND IN THE WHOLE WORLD BY THE BRAZIL CHAMBER WEBSITE &#8211; ECOWAS The potential market of our partners is borderless. Present in 125 countries, the Brazil &#8211; Ecowas Chamber of Commerce, Development and Integration provides the greatest visibility that your brand can have. Advertising on our website will make your business known in the [&hellip;]\" \/>\n<meta property=\"og:url\" content=\"https:\/\/camarabrazilecowas.com\/en\/marketing-de-empresas\/\" \/>\n<meta property=\"og:site_name\" content=\"C\u00e2mara de Com\u00e9rcio, Desenvolvimento &amp; Integra\u00e7\u00e3o Brazil - Ecowas\" \/>\n<meta property=\"article:modified_time\" content=\"2020-03-30T18:38:32+00:00\" \/>\n<meta name=\"twitter:card\" content=\"summary_large_image\" \/>\n<meta name=\"twitter:label1\" content=\"Est. tempo de leitura\" \/>\n\t<meta name=\"twitter:data1\" content=\"1 minuto\" \/>\n<script type=\"application\/ld+json\" class=\"yoast-schema-graph\">{\"@context\":\"https:\/\/schema.org\",\"@graph\":[{\"@type\":\"WebPage\",\"@id\":\"https:\/\/camarabrazilecowas.com\/en\/marketing-de-empresas\/\",\"url\":\"https:\/\/camarabrazilecowas.com\/en\/marketing-de-empresas\/\",\"name\":\"[:pb]Marketing de Empresas[:en]Business Marketing[:] - C\u00e2mara de Com\u00e9rcio, Desenvolvimento & Integra\u00e7\u00e3o Brazil - Ecowas\",\"isPartOf\":{\"@id\":\"https:\/\/camarabrazilecowas.com\/#website\"},\"datePublished\":\"2020-03-23T17:18:34+00:00\",\"dateModified\":\"2020-03-30T18:38:32+00:00\",\"breadcrumb\":{\"@id\":\"https:\/\/camarabrazilecowas.com\/en\/marketing-de-empresas\/#breadcrumb\"},\"inLanguage\":\"pt-BR\",\"potentialAction\":[{\"@type\":\"ReadAction\",\"target\":[\"https:\/\/camarabrazilecowas.com\/en\/marketing-de-empresas\/\"]}]},{\"@type\":\"BreadcrumbList\",\"@id\":\"https:\/\/camarabrazilecowas.com\/en\/marketing-de-empresas\/#breadcrumb\",\"itemListElement\":[{\"@type\":\"ListItem\",\"position\":1,\"name\":\"In\u00edcio\",\"item\":\"https:\/\/camarabrazilecowas.com\/\"},{\"@type\":\"ListItem\",\"position\":2,\"name\":\"Business Marketing\"}]},{\"@type\":\"WebSite\",\"@id\":\"https:\/\/camarabrazilecowas.com\/#website\",\"url\":\"https:\/\/camarabrazilecowas.com\/\",\"name\":\"C\u00e2mara de Com\u00e9rcio, Desenvolvimento & Integra\u00e7\u00e3o Brazil - Ecowas\",\"description\":\"\",\"potentialAction\":[{\"@type\":\"SearchAction\",\"target\":{\"@type\":\"EntryPoint\",\"urlTemplate\":\"https:\/\/camarabrazilecowas.com\/?s={search_term_string}\"},\"query-input\":{\"@type\":\"PropertyValueSpecification\",\"valueRequired\":true,\"valueName\":\"search_term_string\"}}],\"inLanguage\":\"pt-BR\"}]}<\/script>\n<!-- \/ Yoast SEO plugin. -->","yoast_head_json":{"title":"[:pb]Marketing de Empresas[:en]Business Marketing[:] - C\u00e2mara de Com\u00e9rcio, Desenvolvimento & Integra\u00e7\u00e3o Brazil - Ecowas","robots":{"index":"index","follow":"follow","max-snippet":"max-snippet:-1","max-image-preview":"max-image-preview:large","max-video-preview":"max-video-preview:-1"},"canonical":"https:\/\/camarabrazilecowas.com\/en\/marketing-de-empresas\/","og_locale":"pt_BR","og_type":"article","og_title":"[:pb]Marketing de Empresas[:en]Business Marketing[:] - C\u00e2mara de Com\u00e9rcio, Desenvolvimento & Integra\u00e7\u00e3o Brazil - Ecowas","og_description":"YOUR BRAND IN THE WHOLE WORLD BY THE BRAZIL CHAMBER WEBSITE &#8211; ECOWAS The potential market of our partners is borderless. Present in 125 countries, the Brazil &#8211; Ecowas Chamber of Commerce, Development and Integration provides the greatest visibility that your brand can have. Advertising on our website will make your business known in the [&hellip;]","og_url":"https:\/\/camarabrazilecowas.com\/en\/marketing-de-empresas\/","og_site_name":"C\u00e2mara de Com\u00e9rcio, Desenvolvimento & Integra\u00e7\u00e3o Brazil - Ecowas","article_modified_time":"2020-03-30T18:38:32+00:00","twitter_card":"summary_large_image","twitter_misc":{"Est. tempo de leitura":"1 minuto"},"schema":{"@context":"https:\/\/schema.org","@graph":[{"@type":"WebPage","@id":"https:\/\/camarabrazilecowas.com\/en\/marketing-de-empresas\/","url":"https:\/\/camarabrazilecowas.com\/en\/marketing-de-empresas\/","name":"[:pb]Marketing de Empresas[:en]Business Marketing[:] - C\u00e2mara de Com\u00e9rcio, Desenvolvimento & Integra\u00e7\u00e3o Brazil - Ecowas","isPartOf":{"@id":"https:\/\/camarabrazilecowas.com\/#website"},"datePublished":"2020-03-23T17:18:34+00:00","dateModified":"2020-03-30T18:38:32+00:00","breadcrumb":{"@id":"https:\/\/camarabrazilecowas.com\/en\/marketing-de-empresas\/#breadcrumb"},"inLanguage":"pt-BR","potentialAction":[{"@type":"ReadAction","target":["https:\/\/camarabrazilecowas.com\/en\/marketing-de-empresas\/"]}]},{"@type":"BreadcrumbList","@id":"https:\/\/camarabrazilecowas.com\/en\/marketing-de-empresas\/#breadcrumb","itemListElement":[{"@type":"ListItem","position":1,"name":"In\u00edcio","item":"https:\/\/camarabrazilecowas.com\/"},{"@type":"ListItem","position":2,"name":"Business Marketing"}]},{"@type":"WebSite","@id":"https:\/\/camarabrazilecowas.com\/#website","url":"https:\/\/camarabrazilecowas.com\/","name":"C\u00e2mara de Com\u00e9rcio, Desenvolvimento & Integra\u00e7\u00e3o Brazil - Ecowas","description":"","potentialAction":[{"@type":"SearchAction","target":{"@type":"EntryPoint","urlTemplate":"https:\/\/camarabrazilecowas.com\/?s={search_term_string}"},"query-input":{"@type":"PropertyValueSpecification","valueRequired":true,"valueName":"search_term_string"}}],"inLanguage":"pt-BR"}]}},"_links":{"self":[{"href":"https:\/\/camarabrazilecowas.com\/en\/wp-json\/wp\/v2\/pages\/980","targetHints":{"allow":["GET"]}}],"collection":[{"href":"https:\/\/camarabrazilecowas.com\/en\/wp-json\/wp\/v2\/pages"}],"about":[{"href":"https:\/\/camarabrazilecowas.com\/en\/wp-json\/wp\/v2\/types\/page"}],"author":[{"embeddable":true,"href":"https:\/\/camarabrazilecowas.com\/en\/wp-json\/wp\/v2\/users\/3"}],"replies":[{"embeddable":true,"href":"https:\/\/camarabrazilecowas.com\/en\/wp-json\/wp\/v2\/comments?post=980"}],"version-history":[{"count":8,"href":"https:\/\/camarabrazilecowas.com\/en\/wp-json\/wp\/v2\/pages\/980\/revisions"}],"predecessor-version":[{"id":998,"href":"https:\/\/camarabrazilecowas.com\/en\/wp-json\/wp\/v2\/pages\/980\/revisions\/998"}],"wp:attachment":[{"href":"https:\/\/camarabrazilecowas.com\/en\/wp-json\/wp\/v2\/media?parent=980"}],"wp:term":[{"taxonomy":"post_tag","embeddable":true,"href":"https:\/\/camarabrazilecowas.com\/en\/wp-json\/wp\/v2\/tags?post=980"}],"curies":[{"name":"wp","href":"https:\/\/api.w.org\/{rel}","templated":true}]}}