{"id":977,"date":"2020-03-23T13:16:10","date_gmt":"2020-03-23T16:16:10","guid":{"rendered":"https:\/\/camarabrazilecowas.com\/?page_id=977"},"modified":"2020-03-30T15:24:05","modified_gmt":"2020-03-30T18:24:05","slug":"cursos","status":"publish","type":"page","link":"https:\/\/camarabrazilecowas.com\/en\/cursos\/","title":{"rendered":"Courses"},"content":{"rendered":"<p><\/p>\n<h3>Gradua\u00e7\u00e3o EAD<\/h3>\n<ul>\n<li>Administra\u00e7\u00e3o De Empresas<\/li>\n<li>Ci\u00eancias Cont\u00e1beis<\/li>\n<li>Gest\u00e3o Ambiental<\/li>\n<li>Gest\u00e3o Comercial<\/li>\n<li>Gest\u00e3o Da Qualidade<\/li>\n<li>Gest\u00e3o Financeira<\/li>\n<li>Gest\u00e3o P\u00fablica<\/li>\n<li>Gest\u00e3o De Recursos Humanos<\/li>\n<li>Hist\u00f3ria (Novo)<\/li>\n<li>Letras &#8211; Ingl\u00eas<\/li>\n<li>Letras &#8211; Literatura<\/li>\n<li>Log\u00edstica<\/li>\n<li>Marketing<\/li>\n<li>Minist\u00e9rio Pastoral (Novo)<\/li>\n<li>Neg\u00f3cios Imobili\u00e1rios<\/li>\n<li>Pedagogia<\/li>\n<li>Processos Gerenciais<\/li>\n<li>Servi\u00e7os Jur\u00eddicos<\/li>\n<li>Servi\u00e7o Social<\/li>\n<li>Teologia<\/li>\n<\/ul>\n<p><\/p>","protected":false},"excerpt":{"rendered":"<p>Gradua\u00e7\u00e3o EAD Administra\u00e7\u00e3o De Empresas Ci\u00eancias Cont\u00e1beis Gest\u00e3o Ambiental Gest\u00e3o Comercial Gest\u00e3o Da Qualidade Gest\u00e3o Financeira Gest\u00e3o P\u00fablica Gest\u00e3o De Recursos Humanos Hist\u00f3ria (Novo) Letras &#8211; Ingl\u00eas Letras &#8211; Literatura Log\u00edstica Marketing Minist\u00e9rio Pastoral (Novo) Neg\u00f3cios Imobili\u00e1rios Pedagogia Processos Gerenciais Servi\u00e7os Jur\u00eddicos Servi\u00e7o Social Teologia<\/p>\n","protected":false},"author":3,"featured_media":0,"parent":0,"menu_order":0,"comment_status":"closed","ping_status":"closed","template":"","meta":{"_acf_changed":false,"footnotes":""},"tags":[],"class_list":["post-977","page","type-page","status-publish","hentry"],"acf":[],"yoast_head":"<!-- This site is optimized with the Yoast SEO plugin v27.2 - https:\/\/yoast.com\/product\/yoast-seo-wordpress\/ -->\n<title>Courses - C\u00e2mara de Com\u00e9rcio, Desenvolvimento &amp; Integra\u00e7\u00e3o Brazil - Ecowas<\/title>\n<meta name=\"robots\" content=\"index, follow, max-snippet:-1, max-image-preview:large, max-video-preview:-1\" \/>\n<link rel=\"canonical\" href=\"https:\/\/camarabrazilecowas.com\/en\/cursos\/\" \/>\n<meta property=\"og:locale\" content=\"pt_BR\" \/>\n<meta property=\"og:type\" content=\"article\" \/>\n<meta property=\"og:title\" content=\"[:pb]Cursos[:en]Courses[:] - C\u00e2mara de Com\u00e9rcio, Desenvolvimento &amp; Integra\u00e7\u00e3o Brazil - Ecowas\" \/>\n<meta property=\"og:description\" content=\"Gradua\u00e7\u00e3o EAD Administra\u00e7\u00e3o De Empresas Ci\u00eancias Cont\u00e1beis Gest\u00e3o Ambiental Gest\u00e3o Comercial Gest\u00e3o Da Qualidade Gest\u00e3o Financeira Gest\u00e3o P\u00fablica Gest\u00e3o De Recursos Humanos Hist\u00f3ria (Novo) Letras &#8211; Ingl\u00eas Letras &#8211; Literatura Log\u00edstica Marketing Minist\u00e9rio Pastoral (Novo) Neg\u00f3cios Imobili\u00e1rios Pedagogia Processos Gerenciais Servi\u00e7os Jur\u00eddicos Servi\u00e7o Social Teologia\" \/>\n<meta property=\"og:url\" content=\"https:\/\/camarabrazilecowas.com\/en\/cursos\/\" \/>\n<meta property=\"og:site_name\" content=\"C\u00e2mara de Com\u00e9rcio, Desenvolvimento &amp; Integra\u00e7\u00e3o Brazil - Ecowas\" \/>\n<meta property=\"article:modified_time\" content=\"2020-03-30T18:24:05+00:00\" \/>\n<meta name=\"twitter:card\" content=\"summary_large_image\" \/>\n<meta name=\"twitter:label1\" content=\"Est. tempo de leitura\" \/>\n\t<meta name=\"twitter:data1\" content=\"1 minuto\" \/>\n<script type=\"application\/ld+json\" class=\"yoast-schema-graph\">{\"@context\":\"https:\/\/schema.org\",\"@graph\":[{\"@type\":\"WebPage\",\"@id\":\"https:\/\/camarabrazilecowas.com\/en\/cursos\/\",\"url\":\"https:\/\/camarabrazilecowas.com\/en\/cursos\/\",\"name\":\"[:pb]Cursos[:en]Courses[:] - C\u00e2mara de Com\u00e9rcio, Desenvolvimento & Integra\u00e7\u00e3o Brazil - Ecowas\",\"isPartOf\":{\"@id\":\"https:\/\/camarabrazilecowas.com\/#website\"},\"datePublished\":\"2020-03-23T16:16:10+00:00\",\"dateModified\":\"2020-03-30T18:24:05+00:00\",\"breadcrumb\":{\"@id\":\"https:\/\/camarabrazilecowas.com\/en\/cursos\/#breadcrumb\"},\"inLanguage\":\"pt-BR\",\"potentialAction\":[{\"@type\":\"ReadAction\",\"target\":[\"https:\/\/camarabrazilecowas.com\/en\/cursos\/\"]}]},{\"@type\":\"BreadcrumbList\",\"@id\":\"https:\/\/camarabrazilecowas.com\/en\/cursos\/#breadcrumb\",\"itemListElement\":[{\"@type\":\"ListItem\",\"position\":1,\"name\":\"In\u00edcio\",\"item\":\"https:\/\/camarabrazilecowas.com\/\"},{\"@type\":\"ListItem\",\"position\":2,\"name\":\"Courses\"}]},{\"@type\":\"WebSite\",\"@id\":\"https:\/\/camarabrazilecowas.com\/#website\",\"url\":\"https:\/\/camarabrazilecowas.com\/\",\"name\":\"C\u00e2mara de Com\u00e9rcio, Desenvolvimento & Integra\u00e7\u00e3o Brazil - Ecowas\",\"description\":\"\",\"potentialAction\":[{\"@type\":\"SearchAction\",\"target\":{\"@type\":\"EntryPoint\",\"urlTemplate\":\"https:\/\/camarabrazilecowas.com\/?s={search_term_string}\"},\"query-input\":{\"@type\":\"PropertyValueSpecification\",\"valueRequired\":true,\"valueName\":\"search_term_string\"}}],\"inLanguage\":\"pt-BR\"}]}<\/script>\n<!-- \/ Yoast SEO plugin. -->","yoast_head_json":{"title":"[:pb]Cursos[:en]Courses[:] - C\u00e2mara de Com\u00e9rcio, Desenvolvimento & Integra\u00e7\u00e3o Brazil - Ecowas","robots":{"index":"index","follow":"follow","max-snippet":"max-snippet:-1","max-image-preview":"max-image-preview:large","max-video-preview":"max-video-preview:-1"},"canonical":"https:\/\/camarabrazilecowas.com\/en\/cursos\/","og_locale":"pt_BR","og_type":"article","og_title":"[:pb]Cursos[:en]Courses[:] - C\u00e2mara de Com\u00e9rcio, Desenvolvimento & Integra\u00e7\u00e3o Brazil - Ecowas","og_description":"Gradua\u00e7\u00e3o EAD Administra\u00e7\u00e3o De Empresas Ci\u00eancias Cont\u00e1beis Gest\u00e3o Ambiental Gest\u00e3o Comercial Gest\u00e3o Da Qualidade Gest\u00e3o Financeira Gest\u00e3o P\u00fablica Gest\u00e3o De Recursos Humanos Hist\u00f3ria (Novo) Letras &#8211; Ingl\u00eas Letras &#8211; Literatura Log\u00edstica Marketing Minist\u00e9rio Pastoral (Novo) Neg\u00f3cios Imobili\u00e1rios Pedagogia Processos Gerenciais Servi\u00e7os Jur\u00eddicos Servi\u00e7o Social Teologia","og_url":"https:\/\/camarabrazilecowas.com\/en\/cursos\/","og_site_name":"C\u00e2mara de Com\u00e9rcio, Desenvolvimento & Integra\u00e7\u00e3o Brazil - Ecowas","article_modified_time":"2020-03-30T18:24:05+00:00","twitter_card":"summary_large_image","twitter_misc":{"Est. tempo de leitura":"1 minuto"},"schema":{"@context":"https:\/\/schema.org","@graph":[{"@type":"WebPage","@id":"https:\/\/camarabrazilecowas.com\/en\/cursos\/","url":"https:\/\/camarabrazilecowas.com\/en\/cursos\/","name":"[:pb]Cursos[:en]Courses[:] - C\u00e2mara de Com\u00e9rcio, Desenvolvimento & Integra\u00e7\u00e3o Brazil - Ecowas","isPartOf":{"@id":"https:\/\/camarabrazilecowas.com\/#website"},"datePublished":"2020-03-23T16:16:10+00:00","dateModified":"2020-03-30T18:24:05+00:00","breadcrumb":{"@id":"https:\/\/camarabrazilecowas.com\/en\/cursos\/#breadcrumb"},"inLanguage":"pt-BR","potentialAction":[{"@type":"ReadAction","target":["https:\/\/camarabrazilecowas.com\/en\/cursos\/"]}]},{"@type":"BreadcrumbList","@id":"https:\/\/camarabrazilecowas.com\/en\/cursos\/#breadcrumb","itemListElement":[{"@type":"ListItem","position":1,"name":"In\u00edcio","item":"https:\/\/camarabrazilecowas.com\/"},{"@type":"ListItem","position":2,"name":"Courses"}]},{"@type":"WebSite","@id":"https:\/\/camarabrazilecowas.com\/#website","url":"https:\/\/camarabrazilecowas.com\/","name":"C\u00e2mara de Com\u00e9rcio, Desenvolvimento & Integra\u00e7\u00e3o Brazil - Ecowas","description":"","potentialAction":[{"@type":"SearchAction","target":{"@type":"EntryPoint","urlTemplate":"https:\/\/camarabrazilecowas.com\/?s={search_term_string}"},"query-input":{"@type":"PropertyValueSpecification","valueRequired":true,"valueName":"search_term_string"}}],"inLanguage":"pt-BR"}]}},"_links":{"self":[{"href":"https:\/\/camarabrazilecowas.com\/en\/wp-json\/wp\/v2\/pages\/977","targetHints":{"allow":["GET"]}}],"collection":[{"href":"https:\/\/camarabrazilecowas.com\/en\/wp-json\/wp\/v2\/pages"}],"about":[{"href":"https:\/\/camarabrazilecowas.com\/en\/wp-json\/wp\/v2\/types\/page"}],"author":[{"embeddable":true,"href":"https:\/\/camarabrazilecowas.com\/en\/wp-json\/wp\/v2\/users\/3"}],"replies":[{"embeddable":true,"href":"https:\/\/camarabrazilecowas.com\/en\/wp-json\/wp\/v2\/comments?post=977"}],"version-history":[{"count":5,"href":"https:\/\/camarabrazilecowas.com\/en\/wp-json\/wp\/v2\/pages\/977\/revisions"}],"predecessor-version":[{"id":997,"href":"https:\/\/camarabrazilecowas.com\/en\/wp-json\/wp\/v2\/pages\/977\/revisions\/997"}],"wp:attachment":[{"href":"https:\/\/camarabrazilecowas.com\/en\/wp-json\/wp\/v2\/media?parent=977"}],"wp:term":[{"taxonomy":"post_tag","embeddable":true,"href":"https:\/\/camarabrazilecowas.com\/en\/wp-json\/wp\/v2\/tags?post=977"}],"curies":[{"name":"wp","href":"https:\/\/api.w.org\/{rel}","templated":true}]}}