{"id":661,"date":"2018-01-18T09:43:33","date_gmt":"2018-01-18T11:43:33","guid":{"rendered":"https:\/\/camarabrazilecowas.com\/?page_id=661"},"modified":"2018-01-18T12:20:57","modified_gmt":"2018-01-18T14:20:57","slug":"produtos","status":"publish","type":"page","link":"https:\/\/camarabrazilecowas.com\/en\/produtos\/","title":{"rendered":"Products"},"content":{"rendered":"<p><\/p>\n<div class=\"container rowspace\">\n<div>\n<p style=\"text-align: left;\">The partners of the Chamber of Commerce, Development &amp; Integration Brazil-ECOWAS make available a wide range of products may provide business opportunities in different areas such as:<\/p>\n<p>&nbsp;<\/p>\n<p><strong>AGRICULTURE, LIVESTOCK AND PISCICULTURE<\/strong><\/p>\n<ul>\n<li>Products for soil correction \u2013 origin Brazil;<\/li>\n<\/ul>\n<ul>\n<li>Seeds os different types \u2013 origin Brazil;<\/li>\n<\/ul>\n<ul>\n<li>Animal feed for cattle, porks and chicken \u2013 origin Brazil;<\/li>\n<\/ul>\n<ul>\n<li>Fish feed \u2013 origin Brazil;<\/li>\n<\/ul>\n<ul>\n<li>Cattle semen \u2013 origin Brazil;<\/li>\n<\/ul>\n<ul>\n<li>Irrigation water pumps (conventional, diesel and solar energy) \u2013 origin Brazil;<\/li>\n<\/ul>\n<ul>\n<li>Agricultural Machinery \u2013 origin Brazil;<\/li>\n<\/ul>\n<ul>\n<li>Mobile rice mills \u2013 origin Brazil.<\/li>\n<\/ul>\n<p>&nbsp;<\/p>\n<p><strong>ALIMENTATION<\/strong><\/p>\n<ul>\n<li>Apple \u2013 origin Brazil;<\/li>\n<\/ul>\n<ul>\n<li>Tuna fish \u2013 origin Brazil;<\/li>\n<\/ul>\n<ul>\n<li>Shrimp \u2013 origin Brazil and Ecuador;<\/li>\n<\/ul>\n<ul>\n<li>Fish \u2013 origin Brazil and Ecuador;<\/li>\n<\/ul>\n<ul>\n<li>Cashew \u2013 origin Ivory Coast and Guinea Bissau;<\/li>\n<\/ul>\n<ul>\n<li>Olive oil \u2013 origin Morocco;<\/li>\n<\/ul>\n<ul>\n<li>Sheep meat \u2013 \u2013 origin Brazil;<\/li>\n<\/ul>\n<ul>\n<li>Frozen poultry meat \u2013 origin Brazil;<\/li>\n<\/ul>\n<ul>\n<li>Frozen pork \u2013 origin Brazil;<\/li>\n<\/ul>\n<ul>\n<li>Frozen deboned beef \u2013 origin Brazil;<\/li>\n<\/ul>\n<ul>\n<li>Wine and grape juice \u2013 origin Brazil;<\/li>\n<\/ul>\n<ul>\n<li>Powdered milk \u2013 origin New Zeland and USA.<\/li>\n<\/ul>\n<p>&nbsp;<\/p>\n<p><strong>COMMODITIES<\/strong><\/p>\n<ul>\n<li>Petroleum products \u2013 origin Middle East and Russia;<\/li>\n<\/ul>\n<ul>\n<li>Sugar \u2013 \u2013 origin Brazil;<\/li>\n<\/ul>\n<ul>\n<li>Copper \u2013 origin Chile and Zambia;<\/li>\n<\/ul>\n<ul>\n<li>Steel \u2013 origin Chile and South Africa;<\/li>\n<\/ul>\n<ul>\n<li>Salt \u2013 origin Brazil;<\/li>\n<\/ul>\n<ul>\n<li>Woods of different types \u2013 origin Africa, Brasil and Venezuela;<\/li>\n<\/ul>\n<ul>\n<li>Cocoa \u2013 origin Ivory Coast;<\/li>\n<\/ul>\n<ul>\n<li>Shea butter \u2013 origin Ivory Coast and Ghana;<\/li>\n<\/ul>\n<ul>\n<li>Cotton \u2013 origin Ivory Coast and Benin;<\/li>\n<\/ul>\n<ul>\n<li>Wheat \u2013 origin Argentina;<\/li>\n<\/ul>\n<ul>\n<li>Yellow maize \u2013 origin Argentina;<\/li>\n<\/ul>\n<ul>\n<li>White maize \u2013 origin Argentina;<\/li>\n<\/ul>\n<ul>\n<li>Rice \u2013 origin Argentina;<\/li>\n<\/ul>\n<ul>\n<li>Alfalfa \u2013 origin Argentina;<\/li>\n<\/ul>\n<ul>\n<li>Green peas grain \u2013 origin Argentina;<\/li>\n<\/ul>\n<ul>\n<li>Barley \u2013 origin Argentina.<\/li>\n<\/ul>\n<p>&nbsp;<\/p>\n<p><strong>HEALTH CARE<\/strong><\/p>\n<ul>\n<li>Cosmetic products (shampoo, conditioner, moisturizing cream, etc) \u2013 origin Brazil.<\/li>\n<\/ul>\n<p>&nbsp;<\/p>\n<p><strong>SOCIAL<\/strong><\/p>\n<ul>\n<li>Dehydrated food specially to schools, hospitals and army \u2013 origin Brazil;<\/li>\n<\/ul>\n<ul>\n<li>Mobile units for education, health care, culture, security, laboratories, transportation \u2013 origin Brazil;<\/li>\n<\/ul>\n<ul>\n<li>Construction of low cost houses with the use of bricks made from recycled garbage \u2013 origin Brazil;<\/li>\n<\/ul>\n<\/div>\n<div><\/div>\n<div><strong><br \/>\n<\/strong><strong>OTHERS<\/strong><\/p>\n<ul>\n<li>Furniture products such as beds, bunk beds, dressers, wardrobe, TV rack, kitchen kits, etc. \u2013 origin Brazil<\/li>\n<\/ul>\n<ul>\n<li>Flowers \u2013 origin Brazil and Ecuador;<\/li>\n<\/ul>\n<ul>\n<li>Clothing and shoes \u2013 origin Brazil;<\/li>\n<\/ul>\n<ul>\n<li>Security and military uniforms \u2013 origin USA;<\/li>\n<\/ul>\n<ul>\n<li>Medicines \u2013 origin Brazil;<\/li>\n<\/ul>\n<ul>\n<li>Plastic products \u2013 origin Brazil;<\/li>\n<\/ul>\n<ul>\n<li>Shielding of vehicles \u2013 origin Brazil;<\/li>\n<\/ul>\n<ul>\n<li>Cleaning products \u2013 origin Brazil;<\/li>\n<\/ul>\n<ul>\n<li>Surgical material \u2013 origin Brazil;<\/li>\n<\/ul>\n<ul>\n<li>Machines for the manufacture of screens and fences \u2013 origin Brazil;<\/li>\n<\/ul>\n<ul>\n<li>Essences for the manufacture of perfumes \u2013 origin Brazil;<\/li>\n<\/ul>\n<ul>\n<li>Software (security and management) \u2013 origin Brazil and USA;<\/li>\n<\/ul>\n<ul>\n<li>Military vehicles \u2013 origin USA;<\/li>\n<\/ul>\n<\/div>\n<div><\/div>\n<div>If there are interest in any of the products listed above, we will be happy to assist you by e-mail or telephone. Contact us!<\/div>\n<\/div>\n<p>&nbsp;<\/p>","protected":false},"excerpt":{"rendered":"<p>The partners of the Chamber of Commerce, Development &amp; Integration Brazil-ECOWAS make available a wide range of products may provide business opportunities in different areas such as: &nbsp; AGRICULTURE, LIVESTOCK AND PISCICULTURE Products for soil correction \u2013 origin Brazil; Seeds os different types \u2013 origin Brazil; Animal feed for cattle, porks and chicken \u2013 origin [&hellip;]<\/p>\n","protected":false},"author":3,"featured_media":0,"parent":0,"menu_order":0,"comment_status":"closed","ping_status":"closed","template":"","meta":{"_acf_changed":false,"footnotes":""},"tags":[],"class_list":["post-661","page","type-page","status-publish","hentry"],"acf":[],"yoast_head":"<!-- This site is optimized with the Yoast SEO plugin v27.2 - https:\/\/yoast.com\/product\/yoast-seo-wordpress\/ -->\n<title>Products - C\u00e2mara de Com\u00e9rcio, Desenvolvimento &amp; Integra\u00e7\u00e3o Brazil - Ecowas<\/title>\n<meta name=\"robots\" content=\"index, follow, max-snippet:-1, max-image-preview:large, max-video-preview:-1\" \/>\n<link rel=\"canonical\" href=\"https:\/\/camarabrazilecowas.com\/produtos\/\" \/>\n<meta property=\"og:locale\" content=\"pt_BR\" \/>\n<meta property=\"og:type\" content=\"article\" \/>\n<meta property=\"og:title\" content=\"[:pb]Produtos[:en]Products[:] - C\u00e2mara de Com\u00e9rcio, Desenvolvimento &amp; Integra\u00e7\u00e3o Brazil - Ecowas\" \/>\n<meta property=\"og:description\" content=\"The partners of the Chamber of Commerce, Development &amp; Integration Brazil-ECOWAS make available a wide range of products may provide business opportunities in different areas such as: &nbsp; AGRICULTURE, LIVESTOCK AND PISCICULTURE Products for soil correction \u2013 origin Brazil; Seeds os different types \u2013 origin Brazil; Animal feed for cattle, porks and chicken \u2013 origin [&hellip;]\" \/>\n<meta property=\"og:url\" content=\"https:\/\/camarabrazilecowas.com\/produtos\/\" \/>\n<meta property=\"og:site_name\" content=\"C\u00e2mara de Com\u00e9rcio, Desenvolvimento &amp; Integra\u00e7\u00e3o Brazil - Ecowas\" \/>\n<meta property=\"article:modified_time\" content=\"2018-01-18T14:20:57+00:00\" \/>\n<meta name=\"twitter:card\" content=\"summary_large_image\" \/>\n<meta name=\"twitter:label1\" content=\"Est. tempo de leitura\" \/>\n\t<meta name=\"twitter:data1\" content=\"4 minutos\" \/>\n<script type=\"application\/ld+json\" class=\"yoast-schema-graph\">{\"@context\":\"https:\/\/schema.org\",\"@graph\":[{\"@type\":\"WebPage\",\"@id\":\"https:\/\/camarabrazilecowas.com\/produtos\/\",\"url\":\"https:\/\/camarabrazilecowas.com\/produtos\/\",\"name\":\"[:pb]Produtos[:en]Products[:] - C\u00e2mara de Com\u00e9rcio, Desenvolvimento & Integra\u00e7\u00e3o Brazil - Ecowas\",\"isPartOf\":{\"@id\":\"https:\/\/camarabrazilecowas.com\/#website\"},\"datePublished\":\"2018-01-18T11:43:33+00:00\",\"dateModified\":\"2018-01-18T14:20:57+00:00\",\"breadcrumb\":{\"@id\":\"https:\/\/camarabrazilecowas.com\/produtos\/#breadcrumb\"},\"inLanguage\":\"pt-BR\",\"potentialAction\":[{\"@type\":\"ReadAction\",\"target\":[\"https:\/\/camarabrazilecowas.com\/produtos\/\"]}]},{\"@type\":\"BreadcrumbList\",\"@id\":\"https:\/\/camarabrazilecowas.com\/produtos\/#breadcrumb\",\"itemListElement\":[{\"@type\":\"ListItem\",\"position\":1,\"name\":\"In\u00edcio\",\"item\":\"https:\/\/camarabrazilecowas.com\/\"},{\"@type\":\"ListItem\",\"position\":2,\"name\":\"Produtos\"}]},{\"@type\":\"WebSite\",\"@id\":\"https:\/\/camarabrazilecowas.com\/#website\",\"url\":\"https:\/\/camarabrazilecowas.com\/\",\"name\":\"C\u00e2mara de Com\u00e9rcio, Desenvolvimento & Integra\u00e7\u00e3o Brazil - Ecowas\",\"description\":\"\",\"potentialAction\":[{\"@type\":\"SearchAction\",\"target\":{\"@type\":\"EntryPoint\",\"urlTemplate\":\"https:\/\/camarabrazilecowas.com\/?s={search_term_string}\"},\"query-input\":{\"@type\":\"PropertyValueSpecification\",\"valueRequired\":true,\"valueName\":\"search_term_string\"}}],\"inLanguage\":\"pt-BR\"}]}<\/script>\n<!-- \/ Yoast SEO plugin. -->","yoast_head_json":{"title":"[:pb]Produtos[:en]Products[:] - C\u00e2mara de Com\u00e9rcio, Desenvolvimento & Integra\u00e7\u00e3o Brazil - Ecowas","robots":{"index":"index","follow":"follow","max-snippet":"max-snippet:-1","max-image-preview":"max-image-preview:large","max-video-preview":"max-video-preview:-1"},"canonical":"https:\/\/camarabrazilecowas.com\/produtos\/","og_locale":"pt_BR","og_type":"article","og_title":"[:pb]Produtos[:en]Products[:] - C\u00e2mara de Com\u00e9rcio, Desenvolvimento & Integra\u00e7\u00e3o Brazil - Ecowas","og_description":"The partners of the Chamber of Commerce, Development &amp; Integration Brazil-ECOWAS make available a wide range of products may provide business opportunities in different areas such as: &nbsp; AGRICULTURE, LIVESTOCK AND PISCICULTURE Products for soil correction \u2013 origin Brazil; Seeds os different types \u2013 origin Brazil; Animal feed for cattle, porks and chicken \u2013 origin [&hellip;]","og_url":"https:\/\/camarabrazilecowas.com\/produtos\/","og_site_name":"C\u00e2mara de Com\u00e9rcio, Desenvolvimento & Integra\u00e7\u00e3o Brazil - Ecowas","article_modified_time":"2018-01-18T14:20:57+00:00","twitter_card":"summary_large_image","twitter_misc":{"Est. tempo de leitura":"4 minutos"},"schema":{"@context":"https:\/\/schema.org","@graph":[{"@type":"WebPage","@id":"https:\/\/camarabrazilecowas.com\/produtos\/","url":"https:\/\/camarabrazilecowas.com\/produtos\/","name":"[:pb]Produtos[:en]Products[:] - C\u00e2mara de Com\u00e9rcio, Desenvolvimento & Integra\u00e7\u00e3o Brazil - Ecowas","isPartOf":{"@id":"https:\/\/camarabrazilecowas.com\/#website"},"datePublished":"2018-01-18T11:43:33+00:00","dateModified":"2018-01-18T14:20:57+00:00","breadcrumb":{"@id":"https:\/\/camarabrazilecowas.com\/produtos\/#breadcrumb"},"inLanguage":"pt-BR","potentialAction":[{"@type":"ReadAction","target":["https:\/\/camarabrazilecowas.com\/produtos\/"]}]},{"@type":"BreadcrumbList","@id":"https:\/\/camarabrazilecowas.com\/produtos\/#breadcrumb","itemListElement":[{"@type":"ListItem","position":1,"name":"In\u00edcio","item":"https:\/\/camarabrazilecowas.com\/"},{"@type":"ListItem","position":2,"name":"Produtos"}]},{"@type":"WebSite","@id":"https:\/\/camarabrazilecowas.com\/#website","url":"https:\/\/camarabrazilecowas.com\/","name":"C\u00e2mara de Com\u00e9rcio, Desenvolvimento & Integra\u00e7\u00e3o Brazil - Ecowas","description":"","potentialAction":[{"@type":"SearchAction","target":{"@type":"EntryPoint","urlTemplate":"https:\/\/camarabrazilecowas.com\/?s={search_term_string}"},"query-input":{"@type":"PropertyValueSpecification","valueRequired":true,"valueName":"search_term_string"}}],"inLanguage":"pt-BR"}]}},"_links":{"self":[{"href":"https:\/\/camarabrazilecowas.com\/en\/wp-json\/wp\/v2\/pages\/661","targetHints":{"allow":["GET"]}}],"collection":[{"href":"https:\/\/camarabrazilecowas.com\/en\/wp-json\/wp\/v2\/pages"}],"about":[{"href":"https:\/\/camarabrazilecowas.com\/en\/wp-json\/wp\/v2\/types\/page"}],"author":[{"embeddable":true,"href":"https:\/\/camarabrazilecowas.com\/en\/wp-json\/wp\/v2\/users\/3"}],"replies":[{"embeddable":true,"href":"https:\/\/camarabrazilecowas.com\/en\/wp-json\/wp\/v2\/comments?post=661"}],"version-history":[{"count":0,"href":"https:\/\/camarabrazilecowas.com\/en\/wp-json\/wp\/v2\/pages\/661\/revisions"}],"wp:attachment":[{"href":"https:\/\/camarabrazilecowas.com\/en\/wp-json\/wp\/v2\/media?parent=661"}],"wp:term":[{"taxonomy":"post_tag","embeddable":true,"href":"https:\/\/camarabrazilecowas.com\/en\/wp-json\/wp\/v2\/tags?post=661"}],"curies":[{"name":"wp","href":"https:\/\/api.w.org\/{rel}","templated":true}]}}