{"id":547,"date":"2017-12-14T16:25:23","date_gmt":"2017-12-14T18:25:23","guid":{"rendered":"https:\/\/camarabrazilecowas.com\/?page_id=547"},"modified":"2020-03-23T13:31:02","modified_gmt":"2020-03-23T16:31:02","slug":"aliancas","status":"publish","type":"page","link":"https:\/\/camarabrazilecowas.com\/en\/aliancas\/","title":{"rendered":"Alliances"},"content":{"rendered":"","protected":false},"excerpt":{"rendered":"","protected":false},"author":3,"featured_media":0,"parent":0,"menu_order":0,"comment_status":"closed","ping_status":"closed","template":"","meta":{"_acf_changed":false,"footnotes":""},"tags":[],"class_list":["post-547","page","type-page","status-publish","hentry"],"acf":[],"yoast_head":"<!-- This site is optimized with the Yoast SEO plugin v27.2 - https:\/\/yoast.com\/product\/yoast-seo-wordpress\/ -->\n<title>Alliances - C\u00e2mara de Com\u00e9rcio, Desenvolvimento &amp; Integra\u00e7\u00e3o Brazil - Ecowas<\/title>\n<meta name=\"robots\" content=\"index, follow, max-snippet:-1, max-image-preview:large, max-video-preview:-1\" \/>\n<link rel=\"canonical\" href=\"https:\/\/camarabrazilecowas.com\/aliancas\/\" \/>\n<meta property=\"og:locale\" content=\"pt_BR\" \/>\n<meta property=\"og:type\" content=\"article\" \/>\n<meta property=\"og:title\" content=\"[:pb]Alian\u00e7as[:en]Alliances[:] - C\u00e2mara de Com\u00e9rcio, Desenvolvimento &amp; Integra\u00e7\u00e3o Brazil - Ecowas\" \/>\n<meta property=\"og:url\" content=\"https:\/\/camarabrazilecowas.com\/aliancas\/\" \/>\n<meta property=\"og:site_name\" content=\"C\u00e2mara de Com\u00e9rcio, Desenvolvimento &amp; Integra\u00e7\u00e3o Brazil - Ecowas\" \/>\n<meta property=\"article:modified_time\" content=\"2020-03-23T16:31:02+00:00\" \/>\n<meta name=\"twitter:card\" content=\"summary_large_image\" \/>\n<script type=\"application\/ld+json\" class=\"yoast-schema-graph\">{\"@context\":\"https:\/\/schema.org\",\"@graph\":[{\"@type\":\"WebPage\",\"@id\":\"https:\/\/camarabrazilecowas.com\/aliancas\/\",\"url\":\"https:\/\/camarabrazilecowas.com\/aliancas\/\",\"name\":\"[:pb]Alian\u00e7as[:en]Alliances[:] - C\u00e2mara de Com\u00e9rcio, Desenvolvimento & Integra\u00e7\u00e3o Brazil - Ecowas\",\"isPartOf\":{\"@id\":\"https:\/\/camarabrazilecowas.com\/#website\"},\"datePublished\":\"2017-12-14T18:25:23+00:00\",\"dateModified\":\"2020-03-23T16:31:02+00:00\",\"breadcrumb\":{\"@id\":\"https:\/\/camarabrazilecowas.com\/aliancas\/#breadcrumb\"},\"inLanguage\":\"pt-BR\",\"potentialAction\":[{\"@type\":\"ReadAction\",\"target\":[\"https:\/\/camarabrazilecowas.com\/aliancas\/\"]}]},{\"@type\":\"BreadcrumbList\",\"@id\":\"https:\/\/camarabrazilecowas.com\/aliancas\/#breadcrumb\",\"itemListElement\":[{\"@type\":\"ListItem\",\"position\":1,\"name\":\"In\u00edcio\",\"item\":\"https:\/\/camarabrazilecowas.com\/\"},{\"@type\":\"ListItem\",\"position\":2,\"name\":\"Alian\u00e7as\"}]},{\"@type\":\"WebSite\",\"@id\":\"https:\/\/camarabrazilecowas.com\/#website\",\"url\":\"https:\/\/camarabrazilecowas.com\/\",\"name\":\"C\u00e2mara de Com\u00e9rcio, Desenvolvimento & Integra\u00e7\u00e3o Brazil - Ecowas\",\"description\":\"\",\"potentialAction\":[{\"@type\":\"SearchAction\",\"target\":{\"@type\":\"EntryPoint\",\"urlTemplate\":\"https:\/\/camarabrazilecowas.com\/?s={search_term_string}\"},\"query-input\":{\"@type\":\"PropertyValueSpecification\",\"valueRequired\":true,\"valueName\":\"search_term_string\"}}],\"inLanguage\":\"pt-BR\"}]}<\/script>\n<!-- \/ Yoast SEO plugin. -->","yoast_head_json":{"title":"[:pb]Alian\u00e7as[:en]Alliances[:] - C\u00e2mara de Com\u00e9rcio, Desenvolvimento & Integra\u00e7\u00e3o Brazil - Ecowas","robots":{"index":"index","follow":"follow","max-snippet":"max-snippet:-1","max-image-preview":"max-image-preview:large","max-video-preview":"max-video-preview:-1"},"canonical":"https:\/\/camarabrazilecowas.com\/aliancas\/","og_locale":"pt_BR","og_type":"article","og_title":"[:pb]Alian\u00e7as[:en]Alliances[:] - C\u00e2mara de Com\u00e9rcio, Desenvolvimento & Integra\u00e7\u00e3o Brazil - Ecowas","og_url":"https:\/\/camarabrazilecowas.com\/aliancas\/","og_site_name":"C\u00e2mara de Com\u00e9rcio, Desenvolvimento & Integra\u00e7\u00e3o Brazil - Ecowas","article_modified_time":"2020-03-23T16:31:02+00:00","twitter_card":"summary_large_image","schema":{"@context":"https:\/\/schema.org","@graph":[{"@type":"WebPage","@id":"https:\/\/camarabrazilecowas.com\/aliancas\/","url":"https:\/\/camarabrazilecowas.com\/aliancas\/","name":"[:pb]Alian\u00e7as[:en]Alliances[:] - C\u00e2mara de Com\u00e9rcio, Desenvolvimento & Integra\u00e7\u00e3o Brazil - Ecowas","isPartOf":{"@id":"https:\/\/camarabrazilecowas.com\/#website"},"datePublished":"2017-12-14T18:25:23+00:00","dateModified":"2020-03-23T16:31:02+00:00","breadcrumb":{"@id":"https:\/\/camarabrazilecowas.com\/aliancas\/#breadcrumb"},"inLanguage":"pt-BR","potentialAction":[{"@type":"ReadAction","target":["https:\/\/camarabrazilecowas.com\/aliancas\/"]}]},{"@type":"BreadcrumbList","@id":"https:\/\/camarabrazilecowas.com\/aliancas\/#breadcrumb","itemListElement":[{"@type":"ListItem","position":1,"name":"In\u00edcio","item":"https:\/\/camarabrazilecowas.com\/"},{"@type":"ListItem","position":2,"name":"Alian\u00e7as"}]},{"@type":"WebSite","@id":"https:\/\/camarabrazilecowas.com\/#website","url":"https:\/\/camarabrazilecowas.com\/","name":"C\u00e2mara de Com\u00e9rcio, Desenvolvimento & Integra\u00e7\u00e3o Brazil - Ecowas","description":"","potentialAction":[{"@type":"SearchAction","target":{"@type":"EntryPoint","urlTemplate":"https:\/\/camarabrazilecowas.com\/?s={search_term_string}"},"query-input":{"@type":"PropertyValueSpecification","valueRequired":true,"valueName":"search_term_string"}}],"inLanguage":"pt-BR"}]}},"_links":{"self":[{"href":"https:\/\/camarabrazilecowas.com\/en\/wp-json\/wp\/v2\/pages\/547","targetHints":{"allow":["GET"]}}],"collection":[{"href":"https:\/\/camarabrazilecowas.com\/en\/wp-json\/wp\/v2\/pages"}],"about":[{"href":"https:\/\/camarabrazilecowas.com\/en\/wp-json\/wp\/v2\/types\/page"}],"author":[{"embeddable":true,"href":"https:\/\/camarabrazilecowas.com\/en\/wp-json\/wp\/v2\/users\/3"}],"replies":[{"embeddable":true,"href":"https:\/\/camarabrazilecowas.com\/en\/wp-json\/wp\/v2\/comments?post=547"}],"version-history":[{"count":1,"href":"https:\/\/camarabrazilecowas.com\/en\/wp-json\/wp\/v2\/pages\/547\/revisions"}],"predecessor-version":[{"id":979,"href":"https:\/\/camarabrazilecowas.com\/en\/wp-json\/wp\/v2\/pages\/547\/revisions\/979"}],"wp:attachment":[{"href":"https:\/\/camarabrazilecowas.com\/en\/wp-json\/wp\/v2\/media?parent=547"}],"wp:term":[{"taxonomy":"post_tag","embeddable":true,"href":"https:\/\/camarabrazilecowas.com\/en\/wp-json\/wp\/v2\/tags?post=547"}],"curies":[{"name":"wp","href":"https:\/\/api.w.org\/{rel}","templated":true}]}}