{"id":126,"date":"2017-11-08T13:30:26","date_gmt":"2017-11-08T15:30:26","guid":{"rendered":"https:\/\/camarabrazilecowas.com\/?page_id=126"},"modified":"2018-01-18T12:25:03","modified_gmt":"2018-01-18T14:25:03","slug":"servicos","status":"publish","type":"page","link":"https:\/\/camarabrazilecowas.com\/en\/servicos\/","title":{"rendered":"Services"},"content":{"rendered":"<p><\/p>\n<p style=\"text-align: left;\">Through its network of relationships and the know-how of its team, the Chamber of Commerce, Development and Integration Brazil-ECOWAS is able to offer a wide range of services, such as:<\/p>\n<p>&nbsp;<\/p>\n<div>\n<ul>\n<li>Support the internationalization of products through the search of business opportunities with governments, importers and distributors in ECOWAS countries and also in the Middle East;<\/li>\n<\/ul>\n<p>&nbsp;<\/p>\n<ul>\n<li>Investment Fund for infrastructure and social projects &#8211; origin England;<\/li>\n<\/ul>\n<p>&nbsp;<\/p>\n<div>\n<ul>\n<li>Agriculture projects (rice, stivia, corn, soybeans) \u2013 origin Brazil;<\/li>\n<\/ul>\n<p>&nbsp;<\/p>\n<ul>\n<li>Renewable energy projects (solar and wind power) \u2013 origin Germany, USA and Argentina.<\/li>\n<\/ul>\n<p>&nbsp;<\/p>\n<ul>\n<li>Partnership with entities for\u00a0technical capacitation and professional training \u2013 origin Brazil.<\/li>\n<\/ul>\n<p>&nbsp;<\/p>\n<ul>\n<li>Projects for Tourism and Cultural Development \u2013 origin Brazil;<\/li>\n<\/ul>\n<p>&nbsp;<\/p>\n<ul>\n<li>Assistance for opening of companies \u2013 origin Brazil;<\/li>\n<\/ul>\n<p>&nbsp;<\/p>\n<ul>\n<li>Support for companies seeking areas to settle in Ghana, Cote d&#8217;Ivoire, Guinea Bissau and Brazil;;<\/li>\n<\/ul>\n<p>&nbsp;<\/p>\n<ul>\n<li>Assistance in receiving and organizing committees of entrepreneurs interested in visiting projects or potential business partners in Brazil or in the ECOWAS countries.<\/li>\n<\/ul>\n<\/div>\n<\/div>\n<p><\/p>","protected":false},"excerpt":{"rendered":"<p>Through its network of relationships and the know-how of its team, the Chamber of Commerce, Development and Integration Brazil-ECOWAS is able to offer a wide range of services, such as: &nbsp; Support the internationalization of products through the search of business opportunities with governments, importers and distributors in ECOWAS countries and also in the Middle [&hellip;]<\/p>\n","protected":false},"author":3,"featured_media":0,"parent":0,"menu_order":0,"comment_status":"closed","ping_status":"closed","template":"","meta":{"_acf_changed":false,"footnotes":""},"tags":[],"class_list":["post-126","page","type-page","status-publish","hentry"],"acf":[],"yoast_head":"<!-- This site is optimized with the Yoast SEO plugin v27.2 - https:\/\/yoast.com\/product\/yoast-seo-wordpress\/ -->\n<title>Services - C\u00e2mara de Com\u00e9rcio, Desenvolvimento &amp; Integra\u00e7\u00e3o Brazil - Ecowas<\/title>\n<meta name=\"robots\" content=\"index, follow, max-snippet:-1, max-image-preview:large, max-video-preview:-1\" \/>\n<link rel=\"canonical\" href=\"https:\/\/camarabrazilecowas.com\/servicos\/\" \/>\n<meta property=\"og:locale\" content=\"pt_BR\" \/>\n<meta property=\"og:type\" content=\"article\" \/>\n<meta property=\"og:title\" content=\"[:pb]Servi\u00e7os[:en]Services[:] - C\u00e2mara de Com\u00e9rcio, Desenvolvimento &amp; Integra\u00e7\u00e3o Brazil - Ecowas\" \/>\n<meta property=\"og:description\" content=\"Through its network of relationships and the know-how of its team, the Chamber of Commerce, Development and Integration Brazil-ECOWAS is able to offer a wide range of services, such as: &nbsp; Support the internationalization of products through the search of business opportunities with governments, importers and distributors in ECOWAS countries and also in the Middle [&hellip;]\" \/>\n<meta property=\"og:url\" content=\"https:\/\/camarabrazilecowas.com\/servicos\/\" \/>\n<meta property=\"og:site_name\" content=\"C\u00e2mara de Com\u00e9rcio, Desenvolvimento &amp; Integra\u00e7\u00e3o Brazil - Ecowas\" \/>\n<meta property=\"article:modified_time\" content=\"2018-01-18T14:25:03+00:00\" \/>\n<meta name=\"twitter:card\" content=\"summary_large_image\" \/>\n<meta name=\"twitter:label1\" content=\"Est. tempo de leitura\" \/>\n\t<meta name=\"twitter:data1\" content=\"2 minutos\" \/>\n<script type=\"application\/ld+json\" class=\"yoast-schema-graph\">{\"@context\":\"https:\/\/schema.org\",\"@graph\":[{\"@type\":\"WebPage\",\"@id\":\"https:\/\/camarabrazilecowas.com\/servicos\/\",\"url\":\"https:\/\/camarabrazilecowas.com\/servicos\/\",\"name\":\"[:pb]Servi\u00e7os[:en]Services[:] - C\u00e2mara de Com\u00e9rcio, Desenvolvimento & Integra\u00e7\u00e3o Brazil - Ecowas\",\"isPartOf\":{\"@id\":\"https:\/\/camarabrazilecowas.com\/#website\"},\"datePublished\":\"2017-11-08T15:30:26+00:00\",\"dateModified\":\"2018-01-18T14:25:03+00:00\",\"breadcrumb\":{\"@id\":\"https:\/\/camarabrazilecowas.com\/servicos\/#breadcrumb\"},\"inLanguage\":\"pt-BR\",\"potentialAction\":[{\"@type\":\"ReadAction\",\"target\":[\"https:\/\/camarabrazilecowas.com\/servicos\/\"]}]},{\"@type\":\"BreadcrumbList\",\"@id\":\"https:\/\/camarabrazilecowas.com\/servicos\/#breadcrumb\",\"itemListElement\":[{\"@type\":\"ListItem\",\"position\":1,\"name\":\"In\u00edcio\",\"item\":\"https:\/\/camarabrazilecowas.com\/\"},{\"@type\":\"ListItem\",\"position\":2,\"name\":\"Servi\u00e7os\"}]},{\"@type\":\"WebSite\",\"@id\":\"https:\/\/camarabrazilecowas.com\/#website\",\"url\":\"https:\/\/camarabrazilecowas.com\/\",\"name\":\"C\u00e2mara de Com\u00e9rcio, Desenvolvimento & Integra\u00e7\u00e3o Brazil - Ecowas\",\"description\":\"\",\"potentialAction\":[{\"@type\":\"SearchAction\",\"target\":{\"@type\":\"EntryPoint\",\"urlTemplate\":\"https:\/\/camarabrazilecowas.com\/?s={search_term_string}\"},\"query-input\":{\"@type\":\"PropertyValueSpecification\",\"valueRequired\":true,\"valueName\":\"search_term_string\"}}],\"inLanguage\":\"pt-BR\"}]}<\/script>\n<!-- \/ Yoast SEO plugin. -->","yoast_head_json":{"title":"[:pb]Servi\u00e7os[:en]Services[:] - C\u00e2mara de Com\u00e9rcio, Desenvolvimento & Integra\u00e7\u00e3o Brazil - Ecowas","robots":{"index":"index","follow":"follow","max-snippet":"max-snippet:-1","max-image-preview":"max-image-preview:large","max-video-preview":"max-video-preview:-1"},"canonical":"https:\/\/camarabrazilecowas.com\/servicos\/","og_locale":"pt_BR","og_type":"article","og_title":"[:pb]Servi\u00e7os[:en]Services[:] - C\u00e2mara de Com\u00e9rcio, Desenvolvimento & Integra\u00e7\u00e3o Brazil - Ecowas","og_description":"Through its network of relationships and the know-how of its team, the Chamber of Commerce, Development and Integration Brazil-ECOWAS is able to offer a wide range of services, such as: &nbsp; Support the internationalization of products through the search of business opportunities with governments, importers and distributors in ECOWAS countries and also in the Middle [&hellip;]","og_url":"https:\/\/camarabrazilecowas.com\/servicos\/","og_site_name":"C\u00e2mara de Com\u00e9rcio, Desenvolvimento & Integra\u00e7\u00e3o Brazil - Ecowas","article_modified_time":"2018-01-18T14:25:03+00:00","twitter_card":"summary_large_image","twitter_misc":{"Est. tempo de leitura":"2 minutos"},"schema":{"@context":"https:\/\/schema.org","@graph":[{"@type":"WebPage","@id":"https:\/\/camarabrazilecowas.com\/servicos\/","url":"https:\/\/camarabrazilecowas.com\/servicos\/","name":"[:pb]Servi\u00e7os[:en]Services[:] - C\u00e2mara de Com\u00e9rcio, Desenvolvimento & Integra\u00e7\u00e3o Brazil - Ecowas","isPartOf":{"@id":"https:\/\/camarabrazilecowas.com\/#website"},"datePublished":"2017-11-08T15:30:26+00:00","dateModified":"2018-01-18T14:25:03+00:00","breadcrumb":{"@id":"https:\/\/camarabrazilecowas.com\/servicos\/#breadcrumb"},"inLanguage":"pt-BR","potentialAction":[{"@type":"ReadAction","target":["https:\/\/camarabrazilecowas.com\/servicos\/"]}]},{"@type":"BreadcrumbList","@id":"https:\/\/camarabrazilecowas.com\/servicos\/#breadcrumb","itemListElement":[{"@type":"ListItem","position":1,"name":"In\u00edcio","item":"https:\/\/camarabrazilecowas.com\/"},{"@type":"ListItem","position":2,"name":"Servi\u00e7os"}]},{"@type":"WebSite","@id":"https:\/\/camarabrazilecowas.com\/#website","url":"https:\/\/camarabrazilecowas.com\/","name":"C\u00e2mara de Com\u00e9rcio, Desenvolvimento & Integra\u00e7\u00e3o Brazil - Ecowas","description":"","potentialAction":[{"@type":"SearchAction","target":{"@type":"EntryPoint","urlTemplate":"https:\/\/camarabrazilecowas.com\/?s={search_term_string}"},"query-input":{"@type":"PropertyValueSpecification","valueRequired":true,"valueName":"search_term_string"}}],"inLanguage":"pt-BR"}]}},"_links":{"self":[{"href":"https:\/\/camarabrazilecowas.com\/en\/wp-json\/wp\/v2\/pages\/126","targetHints":{"allow":["GET"]}}],"collection":[{"href":"https:\/\/camarabrazilecowas.com\/en\/wp-json\/wp\/v2\/pages"}],"about":[{"href":"https:\/\/camarabrazilecowas.com\/en\/wp-json\/wp\/v2\/types\/page"}],"author":[{"embeddable":true,"href":"https:\/\/camarabrazilecowas.com\/en\/wp-json\/wp\/v2\/users\/3"}],"replies":[{"embeddable":true,"href":"https:\/\/camarabrazilecowas.com\/en\/wp-json\/wp\/v2\/comments?post=126"}],"version-history":[{"count":0,"href":"https:\/\/camarabrazilecowas.com\/en\/wp-json\/wp\/v2\/pages\/126\/revisions"}],"wp:attachment":[{"href":"https:\/\/camarabrazilecowas.com\/en\/wp-json\/wp\/v2\/media?parent=126"}],"wp:term":[{"taxonomy":"post_tag","embeddable":true,"href":"https:\/\/camarabrazilecowas.com\/en\/wp-json\/wp\/v2\/tags?post=126"}],"curies":[{"name":"wp","href":"https:\/\/api.w.org\/{rel}","templated":true}]}}